{"id":207,"date":"2017-03-30T16:40:56","date_gmt":"2017-03-30T16:40:56","guid":{"rendered":"http:\/\/vswondrak-stockerau.ac.at\/wordpress\/?page_id=207"},"modified":"2024-10-03T14:10:47","modified_gmt":"2024-10-03T14:10:47","slug":"beratung","status":"publish","type":"page","link":"http:\/\/www.vswondrak-stockerau.at\/wordpress\/beratung\/","title":{"rendered":"Beratung"},"content":{"rendered":"<p><strong>Schulinterne Beratung<\/strong><\/p>\n<p>VD Heike Robl<br \/>\nBeratungslehrerin: <em>Brigitta David<\/em><br \/>\nSprachf\u00f6rderung: <em>Kornelia Reiterer<\/em><br \/>\nLese- und Rechtschreibschw\u00e4che: <em>LRS Ines Schreiber<br \/>\n<\/em>Rechenschw\u00e4che: Ma. <em>Karoline Kalcsics-Hellinger<\/em><\/p>\n<p>Sonderp\u00e4dagogik: <em>Gabriele Huber&nbsp;<\/em><span style=\"font-size: 10pt;\">(Betreuung der Kinder mit auditiven Wahrnehmungsst\u00f6rungen, Betreuung geh\u00f6rloser und schwerh\u00f6riger Kinder, sensorische Integration, Motop\u00e4dagogik, Bewegungscoach)<br \/>\n<span style=\"font-size: 12pt;\">Deutschkurs: <em>Karin Gesselbauer \/ Chiara Henninger<\/em> <span style=\"font-size: 10pt;\">(Deutsch f\u00fcr Kinder mit nichtdeutscher Muttersprache &#8211; DaZ)<\/span><br \/>\nK\u00f6rperarbeit: <em>Michaela Redl<\/em> <span style=\"font-size: 10pt;\">(Motop\u00e4dagogik, sensorische Integration)<\/span><\/span><\/span><\/p>\n<p>Alle diese Personen k\u00f6nnen Sie unter der Schultelefonnummer 02266 \/ 62020 erreichen.<\/p>\n<p>Schul\u00e4rztin: <em>Dr. Eggenhofer 02266 \/ 71888<br \/>\n<\/em>Schulpsychologin:&nbsp;<em>Mag. Dagmar Schwertberger 01\/5038120-14<br \/>\n<\/em><\/p>\n<p>&nbsp;<\/p>\n<p><strong>Au\u00dferschulische Beratung<\/strong><\/p>\n<p>Sonderp\u00e4dagogisches Zentrum: <em>SD Gudrun Widy 02266 \/ 62491<\/em><br \/>\nHilfswerk: <em>02262 \/ 64969 &#8211; 20<\/em><br \/>\nLernquadrat: <em>02266 \/ 62929<\/em><br \/>\nRainbowsgruppe: <em>0650 \/ 3244738 oder 0664 \/ 6216963<\/em><br \/>\nRatlos: <em>Sissi Hanke, Gerold Braunsteiner<\/em><br \/>\nAmbulatorium Strebersdorf: <em>01 \/ 2926555<\/em><br \/>\nSprachf\u00f6rderung: <em>Gunda Hanke<\/em><br \/>\nAmbulatorium Tulln: <em>KJPP Kinder- u. Jugendpsychiatrie u. Psychotherapie: 02272 \/ 60134110<\/em><\/p>\n<p>Jugendwohlfahrt: <em>02262 \/ 9025 &#8211; 29650<\/em><br \/>\nM\u00f6we &#8211; Kinderrechte: <em>02572 \/ 20450 &#8211; 410<br \/>\n<\/em>Help Hotline: <em>0800 \/ 808088<\/em><br \/>\nPsychosoziales Zentrum Stockerau: <em>02266 \/ 63914 &#8211; 300<\/em><\/p>\n","protected":false},"excerpt":{"rendered":"<p>Schulinterne Beratung VD Heike Robl Beratungslehrerin: Brigitta David Sprachf\u00f6rderung: Kornelia Reiterer Lese- und Rechtschreibschw\u00e4che: LRS Ines Schreiber Rechenschw\u00e4che: Ma. Karoline &hellip; <\/p>\n","protected":false},"author":17,"featured_media":0,"parent":0,"menu_order":0,"comment_status":"closed","ping_status":"closed","template":"","meta":{"footnotes":""},"class_list":["post-207","page","type-page","status-publish","hentry"],"_links":{"self":[{"href":"http:\/\/www.vswondrak-stockerau.at\/wordpress\/wp-json\/wp\/v2\/pages\/207","targetHints":{"allow":["GET"]}}],"collection":[{"href":"http:\/\/www.vswondrak-stockerau.at\/wordpress\/wp-json\/wp\/v2\/pages"}],"about":[{"href":"http:\/\/www.vswondrak-stockerau.at\/wordpress\/wp-json\/wp\/v2\/types\/page"}],"author":[{"embeddable":true,"href":"http:\/\/www.vswondrak-stockerau.at\/wordpress\/wp-json\/wp\/v2\/users\/17"}],"replies":[{"embeddable":true,"href":"http:\/\/www.vswondrak-stockerau.at\/wordpress\/wp-json\/wp\/v2\/comments?post=207"}],"version-history":[{"count":13,"href":"http:\/\/www.vswondrak-stockerau.at\/wordpress\/wp-json\/wp\/v2\/pages\/207\/revisions"}],"predecessor-version":[{"id":36187,"href":"http:\/\/www.vswondrak-stockerau.at\/wordpress\/wp-json\/wp\/v2\/pages\/207\/revisions\/36187"}],"wp:attachment":[{"href":"http:\/\/www.vswondrak-stockerau.at\/wordpress\/wp-json\/wp\/v2\/media?parent=207"}],"curies":[{"name":"wp","href":"https:\/\/api.w.org\/{rel}","templated":true}]}}