{"id":152,"date":"2017-03-30T13:42:50","date_gmt":"2017-03-30T13:42:50","guid":{"rendered":"http:\/\/vswondrak-stockerau.ac.at\/wordpress\/?page_id=152"},"modified":"2025-09-25T13:06:54","modified_gmt":"2025-09-25T13:06:54","slug":"zweijaehrige-schuleingangsphase","status":"publish","type":"page","link":"http:\/\/www.vswondrak-stockerau.at\/wordpress\/zweijaehrige-schuleingangsphase\/","title":{"rendered":"Zweij\u00e4hrige Schuleingangsphase"},"content":{"rendered":"<p>Im Schuljahr 2013\/14\u00a0 wurde in der Volksschule Wondrak die Schuleingangsphase mit zwei Klassen eingef\u00fchrt.<br \/>\nAktuell gibt es 4 Klassen die nach diesem Modell gef\u00fchrt werden.<\/p>\n<p><em><strong>Was ist die Schuleingangsphase (SEPH)?<\/strong><\/em><\/p>\n<p>In der SEPH werden Kinder eines Jahrgangs in die Grundschule aufgenommen und dem Grad ihrer individuellen Entwicklung entsprechend gef\u00f6rdert. Gleichaltrige Kinder sind in ihrer Entwicklung unterschiedlich weit. Sie lernen unterschiedlich schnell, unterschiedlich viel und ben\u00f6tigen daf\u00fcr unterschiedliche Lernwege und Lernstrategien. Die SEPH kann daher in einem, zwei oder drei Jahren\u00a0 durchlaufen werden. Im Verlauf des zweiten Schulbesuchsjahres wird entschieden, ob ein Kind f\u00fcr ein drittes Jahr in der SEPH bleibt.<br \/>\nSo werden in einem Klassenverband Vorschulkinder und Kinder der ersten und zweiten Schulstufe gemeinsam von einem LehrerInnenteam betreut.<\/p>\n<p>Die Kinder k\u00f6nnen in jahrgangs\u00fcbergreifenden Gruppen oder getrennt nach Jahrg\u00e4ngen unterrichtet werden. Sie lernen weitgehend selbstst\u00e4ndig, sind aber trotzdem in einem Klassenverband integriert.<\/p>\n<p>Die Kinder<\/p>\n<ul>\n<li>werden altersgerecht eingeschult<\/li>\n<li>erhalten ausreichend Zeit f\u00fcr ihre pers\u00f6nliche Entwicklung<\/li>\n<li>werden gest\u00e4rkt und in ihren Begabungen gef\u00f6rdert<\/li>\n<li>erhalten alternative Beurteilung (Pensenbuch)<\/li>\n<li>sollen weder unterfordert noch \u00fcberfordert werden<\/li>\n<\/ul>\n","protected":false},"excerpt":{"rendered":"<p>Im Schuljahr 2013\/14\u00a0 wurde in der Volksschule Wondrak die Schuleingangsphase mit zwei Klassen eingef\u00fchrt. Aktuell gibt es 4 Klassen die &hellip; <\/p>\n","protected":false},"author":17,"featured_media":0,"parent":0,"menu_order":0,"comment_status":"closed","ping_status":"closed","template":"","meta":{"footnotes":""},"class_list":["post-152","page","type-page","status-publish","hentry"],"_links":{"self":[{"href":"http:\/\/www.vswondrak-stockerau.at\/wordpress\/wp-json\/wp\/v2\/pages\/152","targetHints":{"allow":["GET"]}}],"collection":[{"href":"http:\/\/www.vswondrak-stockerau.at\/wordpress\/wp-json\/wp\/v2\/pages"}],"about":[{"href":"http:\/\/www.vswondrak-stockerau.at\/wordpress\/wp-json\/wp\/v2\/types\/page"}],"author":[{"embeddable":true,"href":"http:\/\/www.vswondrak-stockerau.at\/wordpress\/wp-json\/wp\/v2\/users\/17"}],"replies":[{"embeddable":true,"href":"http:\/\/www.vswondrak-stockerau.at\/wordpress\/wp-json\/wp\/v2\/comments?post=152"}],"version-history":[{"count":7,"href":"http:\/\/www.vswondrak-stockerau.at\/wordpress\/wp-json\/wp\/v2\/pages\/152\/revisions"}],"predecessor-version":[{"id":36793,"href":"http:\/\/www.vswondrak-stockerau.at\/wordpress\/wp-json\/wp\/v2\/pages\/152\/revisions\/36793"}],"wp:attachment":[{"href":"http:\/\/www.vswondrak-stockerau.at\/wordpress\/wp-json\/wp\/v2\/media?parent=152"}],"curies":[{"name":"wp","href":"https:\/\/api.w.org\/{rel}","templated":true}]}}