{"id":146,"date":"2017-03-30T13:41:46","date_gmt":"2017-03-30T13:41:46","guid":{"rendered":"http:\/\/vswondrak-stockerau.ac.at\/wordpress\/?page_id=146"},"modified":"2023-08-21T12:11:49","modified_gmt":"2023-08-21T12:11:49","slug":"leitbild","status":"publish","type":"page","link":"http:\/\/www.vswondrak-stockerau.at\/wordpress\/leitbild\/","title":{"rendered":"Leitbild"},"content":{"rendered":"<p style=\"text-align: center;\"><strong>&#8222;Was nicht in die Wurzel geht,<img loading=\"lazy\" decoding=\"async\" class=\"size-medium wp-image-166 alignright\" src=\"http:\/\/vswondrak-stockerau.ac.at\/wordpress\/wp-content\/uploads\/2017\/03\/Baum-222x300.jpg\" alt=\"\" width=\"222\" height=\"300\"><br \/>\ngeht nicht in die Krone.&#8220;<\/strong><\/p>\n<p><em>Friedrich Georg J\u00fcnger<br \/>\n(1898-1977), dt. Schriftsteller<\/em><\/p>\n<p>&nbsp;<\/p>\n<p><strong>Schule ist mehr als nur eine Bildungsst\u00e4tte &#8230;<\/strong><\/p>\n<p>Wir sehen unsere Schule als einen <em><strong>Ort der Begegnung<\/strong><\/em><br \/>\nvon Menschen aus unterschiedlichen famili\u00e4ren Umfeldern, L\u00e4ndern und Kulturen. Unser Miteinander ist gepr\u00e4gt von gegenseitiger Wertsch\u00e4tzung.<\/p>\n<p>Wir sehen unsere Schule als einen <em><strong>Ort der Bildung,<\/strong><\/em><br \/>\ndessen prim\u00e4re Aufgabe die Vermittlung bzw. Weitergabe von Wissen und Fertigkeiten ist.&nbsp; Mithilfe verschiedenen Unterrichtsmethoden, Arbeitstechniken und Medien wollen wir die Neugierde unserer Sch\u00fcler erhalten und sie auf ihrem Weg zum eigenverantwortlichem Lernen und Handeln unterst\u00fctzend begleiten. Wir wollen den Kindern dabei helfen, ihre individuellen Begabungen zu erkennen und entfalten.<\/p>\n<p>Wir sehen unsere Schule als einen <em><strong>Ort der Gemeinschaft.<\/strong><\/em><br \/>\nBei gemeinsamen Festen und Feiern wollen wir diese Gemeinschaft erleben und unser Zusammengeh\u00f6rigkeitsgef\u00fchl st\u00e4rken. Wir f\u00fchlen uns gemeinsam verantwortlich f\u00fcr die Gestaltung unseres Zusammenlebens, die Einhaltung vereinbarten Regeln und Wahrung der Ordnung.<\/p>\n<p>Wir sehen unsere Schule als einen <em><strong>Ort der Kommunikation,<\/strong><\/em><br \/>\nwo die Zusammenarbeit von Kindern, Eltern und Lehrkr\u00e4ften gepflegt wird.<\/p>\n<p>Wir sehen unsere Schule als einen <em><strong>Ort der Harmonie,<\/strong><\/em><br \/>\nwo Phasen, die gepr\u00e4gt von Aktivit\u00e4t, Eifer und Anstrengung sind, und Phasen der Erholung und Entspannung in einem harmonischen Einklang zueinander stehen.<\/p>\n","protected":false},"excerpt":{"rendered":"<p>&#8222;Was nicht in die Wurzel geht, geht nicht in die Krone.&#8220; Friedrich Georg J\u00fcnger (1898-1977), dt. Schriftsteller &nbsp; Schule ist &hellip; <\/p>\n","protected":false},"author":17,"featured_media":0,"parent":0,"menu_order":1,"comment_status":"closed","ping_status":"closed","template":"","meta":{"footnotes":""},"class_list":["post-146","page","type-page","status-publish","hentry"],"_links":{"self":[{"href":"http:\/\/www.vswondrak-stockerau.at\/wordpress\/wp-json\/wp\/v2\/pages\/146","targetHints":{"allow":["GET"]}}],"collection":[{"href":"http:\/\/www.vswondrak-stockerau.at\/wordpress\/wp-json\/wp\/v2\/pages"}],"about":[{"href":"http:\/\/www.vswondrak-stockerau.at\/wordpress\/wp-json\/wp\/v2\/types\/page"}],"author":[{"embeddable":true,"href":"http:\/\/www.vswondrak-stockerau.at\/wordpress\/wp-json\/wp\/v2\/users\/17"}],"replies":[{"embeddable":true,"href":"http:\/\/www.vswondrak-stockerau.at\/wordpress\/wp-json\/wp\/v2\/comments?post=146"}],"version-history":[{"count":2,"href":"http:\/\/www.vswondrak-stockerau.at\/wordpress\/wp-json\/wp\/v2\/pages\/146\/revisions"}],"predecessor-version":[{"id":10234,"href":"http:\/\/www.vswondrak-stockerau.at\/wordpress\/wp-json\/wp\/v2\/pages\/146\/revisions\/10234"}],"wp:attachment":[{"href":"http:\/\/www.vswondrak-stockerau.at\/wordpress\/wp-json\/wp\/v2\/media?parent=146"}],"curies":[{"name":"wp","href":"https:\/\/api.w.org\/{rel}","templated":true}]}}