{"id":13712,"date":"2020-09-10T14:06:35","date_gmt":"2020-09-10T14:06:35","guid":{"rendered":"http:\/\/www.vswondrak-stockerau.at\/wordpress\/?page_id=13712"},"modified":"2023-12-13T17:00:47","modified_gmt":"2023-12-13T17:00:47","slug":"elterninformation","status":"publish","type":"page","link":"http:\/\/www.vswondrak-stockerau.at\/wordpress\/elterninformation\/","title":{"rendered":"Elterninformationen zum Download"},"content":{"rendered":"<p style=\"text-align: center;\">Hier finden Sie Informationen zum Download:<\/p>\n<p>&nbsp;<\/p>\n<p style=\"text-align: center;\"><strong>Formulare f\u00fcr die Externistenpr\u00fcfung<br \/>\n<\/strong><\/p>\n<p style=\"text-align: center;\"><a href=\"http:\/\/www.vswondrak-stockerau.at\/wordpress\/wp-content\/uploads\/2023\/12\/Ansuchen-Zulassung-Externistenpruefung.docx\">Ansuchen zur Zulassung<\/a><\/p>\n<p style=\"text-align: center;\"><a href=\"http:\/\/www.vswondrak-stockerau.at\/wordpress\/wp-content\/uploads\/2023\/12\/Beilage_Vorbereitungsbogen_fuer_Reflexionsgespraech.pdf\">Vorbereitungsbogen f\u00fcr das Reflexionsgespr\u00e4ch<\/a><\/p>\n<p style=\"text-align: center;\"><a href=\"http:\/\/www.vswondrak-stockerau.at\/wordpress\/wp-content\/uploads\/2023\/12\/Informationsschreiben_an_die_Eltern_oder_die_sonstigen_Erziehungsberechtigten.pdf\">Informationsschreiben f\u00fcr Erziehungsberechtigte<\/a><\/p>\n<p>&nbsp;<\/p>\n<p style=\"text-align: center;\"><strong>Sonstiges<\/strong><\/p>\n<p style=\"text-align: center;\"><a href=\"http:\/\/www.vswondrak-stockerau.at\/wordpress\/wp-content\/uploads\/2020\/09\/Folder_Elternhaltestelle.pdf\">Folder Elternhaltestelle<\/a><\/p>\n","protected":false},"excerpt":{"rendered":"<p>Hier finden Sie Informationen zum Download: &nbsp; Formulare f\u00fcr die Externistenpr\u00fcfung Ansuchen zur Zulassung Vorbereitungsbogen f\u00fcr das Reflexionsgespr\u00e4ch Informationsschreiben f\u00fcr &hellip; <\/p>\n","protected":false},"author":17,"featured_media":0,"parent":0,"menu_order":0,"comment_status":"closed","ping_status":"closed","template":"","meta":{"footnotes":""},"class_list":["post-13712","page","type-page","status-publish","hentry"],"_links":{"self":[{"href":"http:\/\/www.vswondrak-stockerau.at\/wordpress\/wp-json\/wp\/v2\/pages\/13712","targetHints":{"allow":["GET"]}}],"collection":[{"href":"http:\/\/www.vswondrak-stockerau.at\/wordpress\/wp-json\/wp\/v2\/pages"}],"about":[{"href":"http:\/\/www.vswondrak-stockerau.at\/wordpress\/wp-json\/wp\/v2\/types\/page"}],"author":[{"embeddable":true,"href":"http:\/\/www.vswondrak-stockerau.at\/wordpress\/wp-json\/wp\/v2\/users\/17"}],"replies":[{"embeddable":true,"href":"http:\/\/www.vswondrak-stockerau.at\/wordpress\/wp-json\/wp\/v2\/comments?post=13712"}],"version-history":[{"count":10,"href":"http:\/\/www.vswondrak-stockerau.at\/wordpress\/wp-json\/wp\/v2\/pages\/13712\/revisions"}],"predecessor-version":[{"id":33733,"href":"http:\/\/www.vswondrak-stockerau.at\/wordpress\/wp-json\/wp\/v2\/pages\/13712\/revisions\/33733"}],"wp:attachment":[{"href":"http:\/\/www.vswondrak-stockerau.at\/wordpress\/wp-json\/wp\/v2\/media?parent=13712"}],"curies":[{"name":"wp","href":"https:\/\/api.w.org\/{rel}","templated":true}]}}